{"id":143,"date":"2016-02-13T13:24:57","date_gmt":"2016-02-13T13:24:57","guid":{"rendered":"http:\/\/osteopathie-gehrke.de\/?page_id=143"},"modified":"2018-06-23T08:05:32","modified_gmt":"2018-06-23T08:05:32","slug":"impfungen","status":"publish","type":"page","link":"https:\/\/osteopathie-gehrke.de\/?page_id=143","title":{"rendered":"IMPFUNGEN"},"content":{"rendered":"<h1 style=\"text-align: left;\">IMPFUNGEN<\/h1>\n<p>&nbsp;<\/p>\n<p>Das Thema Impfen ist komplex und wird <strong>kontrovers diskutiert<\/strong>. Es gibt dabei vieles zu wissen und zu beachten. Im Folgenden m\u00f6chte ich Ihnen keine eindeutige Empfehlung, sondern lediglich einige Denkanst\u00f6\u00dfe geben.<\/p>\n<p>Kinder\u00e4rzte sprechen sich in der Regel f\u00fcr Impfungen aus. Fragen Sie Ihren Kinderarzt doch einmal, warum er Impfungen bef\u00fcrwortet. Sicherlich kann er Ihnen <strong>eine Reihe von guten Argumenten<\/strong> nennen, warum Sie Ihr Kind impfen lassen sollten.<\/p>\n<p>Viele Menschen stehen Impfungen kritisch gegen\u00fcber. Auch dies hat Gr\u00fcnde. Informieren Sie sich \u00fcber die <strong>Risiken und den Nutzen von Impfungen<\/strong>. Alle Fakten zu kennen hilft Ihnen dabei, eine gute Entscheidung f\u00fcr sich und Ihr Kind zu treffen.<\/p>\n<p>Impfungen k\u00f6nnen <strong>sehr gut osteopathisch begleitet, vorbereitet und nachbehandelt<\/strong> werden. So l\u00e4sst sich das Immunsystem Ihres Kindes bei seiner Arbeit mit den Impfstoffen unterst\u00fctzen.<\/p>\n<p>Eine wichtige Voraussetzung f\u00fcr die Impfung: <strong>Ihr Kind sollte gesund sein.<\/strong> Mindestens eine Woche vor dem Impftermin sollte ihr Kind keine laufende Nase, Husten oder Schnupfen haben. Nach einer Impfung sollte sich Ihr Kind noch einige Tage etwas schonen. Sprechen Sie auch mit ihrem Kinderarzt dar\u00fcber.<\/p>\n<p>Impfsch\u00e4den werden immer wieder in der Presse thematisiert. Hierzu kursieren wahre Gruselgeschichten. Oft wird dar\u00fcber vergessen, dass auch viele (Kinder-) Krankheiten schwerwiegende Verl\u00e4ufe nehmen k\u00f6nnen.<\/p>\n<p>Eine sehr gute Informationsquelle ist die Seite des <strong><a href=\"http:\/\/www.rki.de\">Robert Koch Instituts<\/a><\/strong>. Dort finden Sie viele hochwertige Forschungsarbeiten. Das Robert Koch Institut arbeitet im Auftrag des Bundesministeriums f\u00fcr Gesundheit und nach hohen wissenschaftlichen Standards.<\/p>\n<p>Informieren Sie sich eingehend und lassen Sie sich von kompetenten Fachleuten beraten. Wenn Sie alle Fakten kennen, f\u00e4llen Sie mit Herz und Verstand eine Entscheidung zum Wohle Ihres Kindes.<\/p>\n","protected":false},"excerpt":{"rendered":"<p>IMPFUNGEN &nbsp; Das Thema Impfen ist komplex und wird kontrovers diskutiert. Es gibt dabei vieles zu wissen und zu beachten. Im Folgenden m\u00f6chte ich Ihnen keine eindeutige Empfehlung, sondern lediglich einige Denkanst\u00f6\u00dfe geben. Kinder\u00e4rzte sprechen sich in der Regel f\u00fcr Impfungen aus. Fragen Sie Ihren Kinderarzt doch einmal, warum er Impfungen bef\u00fcrwortet. Sicherlich kann er [&hellip;]<\/p>\n","protected":false},"author":1,"featured_media":0,"parent":17,"menu_order":4,"comment_status":"closed","ping_status":"closed","template":"fullwidth-page.php","meta":[],"_links":{"self":[{"href":"https:\/\/osteopathie-gehrke.de\/index.php?rest_route=\/wp\/v2\/pages\/143"}],"collection":[{"href":"https:\/\/osteopathie-gehrke.de\/index.php?rest_route=\/wp\/v2\/pages"}],"about":[{"href":"https:\/\/osteopathie-gehrke.de\/index.php?rest_route=\/wp\/v2\/types\/page"}],"author":[{"embeddable":true,"href":"https:\/\/osteopathie-gehrke.de\/index.php?rest_route=\/wp\/v2\/users\/1"}],"replies":[{"embeddable":true,"href":"https:\/\/osteopathie-gehrke.de\/index.php?rest_route=%2Fwp%2Fv2%2Fcomments&post=143"}],"version-history":[{"count":7,"href":"https:\/\/osteopathie-gehrke.de\/index.php?rest_route=\/wp\/v2\/pages\/143\/revisions"}],"predecessor-version":[{"id":381,"href":"https:\/\/osteopathie-gehrke.de\/index.php?rest_route=\/wp\/v2\/pages\/143\/revisions\/381"}],"up":[{"embeddable":true,"href":"https:\/\/osteopathie-gehrke.de\/index.php?rest_route=\/wp\/v2\/pages\/17"}],"wp:attachment":[{"href":"https:\/\/osteopathie-gehrke.de\/index.php?rest_route=%2Fwp%2Fv2%2Fmedia&parent=143"}],"curies":[{"name":"wp","href":"https:\/\/api.w.org\/{rel}","templated":true}]}}