{"id":152,"date":"2016-02-13T13:41:56","date_gmt":"2016-02-13T13:41:56","guid":{"rendered":"http:\/\/osteopathie-gehrke.de\/?page_id=152"},"modified":"2022-10-31T16:52:28","modified_gmt":"2022-10-31T16:52:28","slug":"vor-der-behandlung","status":"publish","type":"page","link":"https:\/\/osteopathie-gehrke.de\/?page_id=152","title":{"rendered":"ORGANISATORISCHES"},"content":{"rendered":"<h1 style=\"text-align: left;\">ORGANISATORISCHES<\/h1>\n<p>Da ich eine Zulassung als Heilpraktiker habe ist eine<b> Verordnung durch einen Arzt nicht notwendig <\/b>um sich bei mir behandeln zu lassen.<b>\u00a0<\/b>Beachten Sie jedoch bitte, dass Sie unter Umst\u00e4nden f\u00fcr die Erstattung durch ihre Krankenkasse sehr wohl eine \u00dcberweisung ben\u00f6tigen.<\/p>\n<p>F\u00fcr die Erstattung durch die gesetzlichen Kassen ben\u00f6tigen Sie oft ein Rezept von ihrem (Kinder)Arzt. Hierbei handelt es sich um ein <strong>Privatrezept<\/strong> dass das Budget des Arztes nicht belastet. Sprich es kostet Ihren Arzt nur das Papier auf dem es gedruckt ist. Sprechen Sie Ihren Arzt bei Bedarf darauf an.<\/p>\n<p>Eine Behandlung dauert zwischen 30 und 60 Minuten. <strong>Beim ersten Termin\u00a0rechnen Sie bitte 60 Minuten ein.<\/strong>\u00a0So bleibt gen\u00fcgend Zeit f\u00fcr eine gr\u00fcndliche Anamnese und anschlie\u00dfende Fragen. Folgende Termine sind in der Regel k\u00fcrzer.<\/p>\n<p>Ich habe eine Zulassung als Heilpraktiker. Ich kann Ihnen daher eine Rechnung auf Basis der Geb\u00fchrenordnung f\u00fcr Heilpraktiker (Geb\u00fcH) erstellen. Diese ist <strong>durch die Beihilfe und die meisten privaten Krankenversicherungen erstattungsf\u00e4hig<\/strong>. Sollten Sie gesetzlich krankenversichert sein, kann sich eine sogenannte Heilpraktiker-Zusatzversicherung bereits bei wenigen Behandlungen im Jahr finanziell lohnen.<\/p>\n<p>Bitte beachten Sie, dass ich mit Ihnen direkt abrechne und nicht mit Ihrer Krankenkasse. Da die Erstattungspraxis der einzelnen Kassen stark variiert, kann ich Ihnen\u00a0keine Erstattung garantieren. Die meisten privaten Kassen bezahlen allerdings den gesamten Betrag.<\/p>\n<p>Ich bin <strong>Mitglied in der Bundesarbeitsgemeinschaft Osteopathie (BAO) und im Verband der Osteopathen Deutschland (VOD)<\/strong>. In der Regel werden deshalb auch die gesetzlichen Krankenkassen die Behandlung bezuschussen. Kl\u00e4ren Sie eine eventuelle Bezuschussung oder Kostenerstattung bitte vor meiner Behandlung mit Ihrer Krankenversicherung oder sehen sie hier nach:\u00a0<a href=\"http:\/\/www.osteokompass.de\/de-patienteninfo-krankenkassen.html\">Osteokompass<\/a><\/p>\n<p>Sollten Sie bereits Untersuchungsbefunde (Blutuntersuchungen, R\u00f6ntgenbilder etc.) haben, bringen Sie diese bitte zu Ihrem ersten Termin mit.<\/p>\n<h1 style=\"text-align: left;\">Zur Kinderosteopathie<\/h1>\n<p>Wenn Sie mit Ihrem Baby zu einer Behandlung kommen, sollte es m\u00f6glichst <strong>satt und ausgeschlafen<\/strong> sein. Das macht die Behandlung f\u00fcr alle Beteiligten deutlich angenehmer.<\/p>\n<p>Bei Babys und kleineren Kindern ist der Behandlungsbedarf schwer vorherzusagen. In der Regel wird bereits nach der ersten Behandlung eine Ver\u00e4nderung sp\u00fcrbar.<\/p>\n<h1 style=\"text-align: left;\">Wichtig<\/h1>\n<p>Ich f\u00fchre eine <strong>Terminpraxis <\/strong>&#8211; so entstehen f\u00fcr Sie keine Wartezeiten.\u00a0Aus organisatorischen Gr\u00fcnden ist es wichtig, dass Sie zu Ihren Terminen p\u00fcnktlich erscheinen und, falls Sie verhindert sind, auch rechtzeitig absagen. So\u00a0kann Ihr Termin neu vergeben werden.<\/p>\n<p>Sollten Sie Ihren Termin nicht rechtzeitig &#8211; mindestens 24 h im Voraus &#8211; absagen, behalte ich mir vor nach \u00a7615 BGB zu verfahren und Ihnen ein Ausfallhonorar in Rechnung zu stellen, das den zu erwartenden Behandlungskosten entspricht.<\/p>\n","protected":false},"excerpt":{"rendered":"<p>ORGANISATORISCHES Da ich eine Zulassung als Heilpraktiker habe ist eine Verordnung durch einen Arzt nicht notwendig um sich bei mir behandeln zu lassen.\u00a0Beachten Sie jedoch bitte, dass Sie unter Umst\u00e4nden f\u00fcr die Erstattung durch ihre Krankenkasse sehr wohl eine \u00dcberweisung ben\u00f6tigen. F\u00fcr die Erstattung durch die gesetzlichen Kassen ben\u00f6tigen Sie oft ein Rezept von ihrem [&hellip;]<\/p>\n","protected":false},"author":1,"featured_media":0,"parent":20,"menu_order":0,"comment_status":"closed","ping_status":"closed","template":"fullwidth-page.php","meta":[],"_links":{"self":[{"href":"https:\/\/osteopathie-gehrke.de\/index.php?rest_route=\/wp\/v2\/pages\/152"}],"collection":[{"href":"https:\/\/osteopathie-gehrke.de\/index.php?rest_route=\/wp\/v2\/pages"}],"about":[{"href":"https:\/\/osteopathie-gehrke.de\/index.php?rest_route=\/wp\/v2\/types\/page"}],"author":[{"embeddable":true,"href":"https:\/\/osteopathie-gehrke.de\/index.php?rest_route=\/wp\/v2\/users\/1"}],"replies":[{"embeddable":true,"href":"https:\/\/osteopathie-gehrke.de\/index.php?rest_route=%2Fwp%2Fv2%2Fcomments&post=152"}],"version-history":[{"count":24,"href":"https:\/\/osteopathie-gehrke.de\/index.php?rest_route=\/wp\/v2\/pages\/152\/revisions"}],"predecessor-version":[{"id":487,"href":"https:\/\/osteopathie-gehrke.de\/index.php?rest_route=\/wp\/v2\/pages\/152\/revisions\/487"}],"up":[{"embeddable":true,"href":"https:\/\/osteopathie-gehrke.de\/index.php?rest_route=\/wp\/v2\/pages\/20"}],"wp:attachment":[{"href":"https:\/\/osteopathie-gehrke.de\/index.php?rest_route=%2Fwp%2Fv2%2Fmedia&parent=152"}],"curies":[{"name":"wp","href":"https:\/\/api.w.org\/{rel}","templated":true}]}}