{"id":22,"date":"2016-02-04T13:28:23","date_gmt":"2016-02-04T13:28:23","guid":{"rendered":"http:\/\/osteopathie-gehrke.de\/?page_id=22"},"modified":"2024-10-11T08:06:00","modified_gmt":"2024-10-11T08:06:00","slug":"kontakt","status":"publish","type":"page","link":"https:\/\/osteopathie-gehrke.de\/?page_id=22","title":{"rendered":"KONTAKT"},"content":{"rendered":"<h1 style=\"text-align: left;\">KONTAKT<\/h1>\n<h2 style=\"text-align: left;\"><\/h2>\n<p><strong>Philipp Gehrke<\/strong><\/p>\n<p><strong><a href=\"https:\/\/osteopathiehochdrei.de\">Osteopathie\u00b3<\/a><\/strong><\/p>\n<p><strong>Lindenstra\u00dfe 17<\/strong><\/p>\n<p><strong>50354 H\u00fcrth<\/strong><\/p>\n<p><strong>E-Mail: osteopathie.gehrke@posteo.de<\/strong><\/p>\n<p><strong>Telefon: 0176 &#8211; 82183853<\/strong><\/p>\n<p>Leider kann ich h\u00e4ufig nicht ans Telefon gehen, da ich zum Beispiel in einer Behandlung bin. F\u00fcr eine Vereinbarung von Terminen ist es daher am leichtesten Sie schreiben mir einfach eine E-mail mit ihrem Anliegen und wann es terminlich f\u00fcr Sie gut passen w\u00fcrde und ich antworte Ihnen mit ein paar Terminvorschl\u00e4gen.<\/p>\n<p><strong>Wichtig!<\/strong><\/p>\n<p>Ich versuche mit gr\u00f6\u00dftm\u00f6glicher Aufmerksamkeit alle ihre Anliegen zu beantworten. Sollte sie dennoch innerhalb von 1-2 Werktagen keine Antwort von mir bekommen haben, telefonisch, per E-Mail oder sonstiger M\u00f6glichkeiten (SMS, Whatsapp, etc.), melden Sie sich bitte noch einmal, da es sein kann dass ihr Anliegen meiner Aufmerksamkeit entgangen ist.<\/p>\n<p>Die Praxis ist ebenerdig und barrierefrei.<\/p>\n<p>Termine und Sprechzeiten jeweils nach Vereinbarung.<\/p>\n<p>Termine f\u00fcr S\u00e4uglinge und Kinder sind meist auch\u00a0kurzfristig m\u00f6glich.<\/p>\n<p>Ich habe einen erheblichen Teil meiner postgraduaten Weiterbildung in England absolviert. Daher spreche ich flie\u00dfend (medizinisches) Englisch. Sollte es f\u00fcr Sie einfacher sein auf Englisch Kontakt aufzunehmen tun Sie dies bitte einfach.<\/p>\n<p>I have done an extensive part of my postgraduate Training in England. I do speak fluent (medical) english. If it should be more convenient for you to address me in english, please feel free to do so.<\/p>\n","protected":false},"excerpt":{"rendered":"<p>KONTAKT Philipp Gehrke Osteopathie\u00b3 Lindenstra\u00dfe 17 50354 H\u00fcrth E-Mail: osteopathie.gehrke@posteo.de Telefon: 0176 &#8211; 82183853 Leider kann ich h\u00e4ufig nicht ans Telefon gehen, da ich zum Beispiel in einer Behandlung bin. F\u00fcr eine Vereinbarung von Terminen ist es daher am leichtesten Sie schreiben mir einfach eine E-mail mit ihrem Anliegen und wann es terminlich f\u00fcr Sie [&hellip;]<\/p>\n","protected":false},"author":1,"featured_media":0,"parent":0,"menu_order":6,"comment_status":"closed","ping_status":"closed","template":"fullwidth-page.php","meta":[],"_links":{"self":[{"href":"https:\/\/osteopathie-gehrke.de\/index.php?rest_route=\/wp\/v2\/pages\/22"}],"collection":[{"href":"https:\/\/osteopathie-gehrke.de\/index.php?rest_route=\/wp\/v2\/pages"}],"about":[{"href":"https:\/\/osteopathie-gehrke.de\/index.php?rest_route=\/wp\/v2\/types\/page"}],"author":[{"embeddable":true,"href":"https:\/\/osteopathie-gehrke.de\/index.php?rest_route=\/wp\/v2\/users\/1"}],"replies":[{"embeddable":true,"href":"https:\/\/osteopathie-gehrke.de\/index.php?rest_route=%2Fwp%2Fv2%2Fcomments&post=22"}],"version-history":[{"count":46,"href":"https:\/\/osteopathie-gehrke.de\/index.php?rest_route=\/wp\/v2\/pages\/22\/revisions"}],"predecessor-version":[{"id":559,"href":"https:\/\/osteopathie-gehrke.de\/index.php?rest_route=\/wp\/v2\/pages\/22\/revisions\/559"}],"wp:attachment":[{"href":"https:\/\/osteopathie-gehrke.de\/index.php?rest_route=%2Fwp%2Fv2%2Fmedia&parent=22"}],"curies":[{"name":"wp","href":"https:\/\/api.w.org\/{rel}","templated":true}]}}