{"id":24,"date":"2016-02-04T13:28:53","date_gmt":"2016-02-04T13:28:53","guid":{"rendered":"http:\/\/osteopathie-gehrke.de\/?page_id=24"},"modified":"2021-02-10T14:13:06","modified_gmt":"2021-02-10T14:13:06","slug":"kinderosteopathie","status":"publish","type":"page","link":"https:\/\/osteopathie-gehrke.de\/?page_id=24","title":{"rendered":"OSTEOPATHIE F\u00dcR KINDER"},"content":{"rendered":"<h1 style=\"text-align: left;\">OSTEOPATHIE F\u00dcR KINDER<\/h1>\n<blockquote><p>&nbsp;<\/p>\n<p>Kinder sind keine kleinen Erwachsenen.<\/p><\/blockquote>\n<p>Wer auch immer diesen Satz zuerst gesagt haben mag, muss ein kluger Mensch gewesen sein. Kinder, vor allem S\u00e4uglinge, aber auch Kleinkinder sind eben keine kleinen Erwachsenen. Ihr Kind w\u00e4chst und ver\u00e4ndert sich beinahe jeden Tag ein kleines bisschen: die erste Drehung vom R\u00fccken auf den Bauch, die ersten Schritte, der erste Schultag. In einer Woche sind die Beine vielleicht 2 cm l\u00e4nger als heute.<\/p>\n<p>Bei so vielen ersten Malen kann es hin und wieder etwas holpern: Der Eine dreht sich nicht gerne, die Andere vielleicht nur \u00fcber eine Seite. Manche schreien viel, andere trinken schlecht oder spucken \u00f6fter, als es vielleicht gut f\u00fcr sie ist. Viele Kinder haben Probleme beim Einschlafen oder schlafen nicht richtig durch.<\/p>\n<h2 style=\"text-align: left;\">Lassen Sie mich eines vorweg schicken<\/h2>\n<p>Wenn Ihr Kind<strong> ernsthaft krank<\/strong> ist, also einen wirklich schlechten Eindruck auf Sie macht, fiebert oder einen merkw\u00fcrdigen Ausschlag hat, geh\u00f6rt es zu einem Kinderarzt und nicht zu einem Kinderosteopathen!<\/p>\n<p>Vergleichen Sie es einmal so: Sie hatten einen stressigen Tag und haben nachts wenig geschlafen; die Verdauung macht Ihnen zu schaffen, der Bauch dr\u00fcckt, der Kopf brummt, der R\u00fccken schmerzt und Sie w\u00fcrden am liebsten alles hinschmei\u00dfen und sich einfach nur noch ins Bett legen.<\/p>\n<p>Krank sind Sie dann eigentlich nicht, aber sich wohl und gesund f\u00fchlen sieht definitiv anders aus.<\/p>\n<p>So kann es auch Ihrem Kind ergehen. <strong>Ein kleines Kind wird Ihnen das allerdings nicht sagen k\u00f6nnen.<\/strong> Es wird schreien und unleidlich sein, schlecht schlafen und sich unwohl f\u00fchlen.<\/p>\n<h2 style=\"text-align: left;\">Wann kann Kinderosteopathie helfen?<\/h2>\n<p>M\u00f6glicherweise hat Ihr Kind eine <strong>schwere Geburt<\/strong> hinter sich: lange Wehen, eine stundenlange Entbindung, vielleicht mussten Saugglocke oder Zange eingesetzt werden, eventuell wurde sogar ein Kaiserschnitt notwendig. Oder das Gegenteil war der Fall und die Geburt hat Sie und ihr Kind geradezu \u00fcberrollt und alles ging viel zu schnell f\u00fcr alle Beteiligten.<\/p>\n<p>F\u00fcr den kleinen K\u00f6rper Ihres Kindes bedeutet dies <strong>Stress<\/strong>. Sie werden bemerken, wie angespannt Ihr Kind ist. Es wird wom\u00f6glich viel schreien oder unruhig schlafen.<\/p>\n<p>Wenn Ihrem Kind <strong>das Trinken schwer f\u00e4llt<\/strong>, es nicht gut saugen kann, wird es knabbern oder bei\u00dfen, um trotzdem Milch zu bekommen. Im Ergebnis wird Ihr Kind schnell wieder Hunger haben, und seine Mutter wird wunde Brustwarzen bekommen.<\/p>\n<p>Das <strong>Laufenlernen ist eine weitere gro\u00dfe Herausforderung<\/strong> f\u00fcr Ihr Kind. Die Aufrichtung gegen die Schwerkraft ist ein regelrechter Kraftakt, auch wenn sie f\u00fcr uns Erwachsene allt\u00e4glich geworden ist. Hierbei macht ihm dann jede Asymmetrie und jede Bewegungseinschr\u00e4nkung im K\u00f6rper zu schaffen.<\/p>\n<p>Ein Gr\u00fcndervater der Osteopathie, William Garner Sutherland, verglich das Heranwachsen eines Kindes einmal mit einem Baum. <strong>Aus einem schiefen B\u00e4umchen wird ein schiefer Baum.<\/strong> Er wird zwar auch gro\u00df und stark, aber bei einem Sturm haben seine gerade gewachsenen Kameraden doch bessere Chancen, unbeschadet stehen zu bleiben.<\/p>\n<p>Viele Probleme, die im S\u00e4uglingsalter entstehen, verwachsen sich leider nicht. Sie entwickeln sich mit Ihrem Kind weiter; sie m\u00f6gen sich zwar anders zeigen, doch bleiben sie grunds\u00e4tzlich bestehen.<\/p>\n<p>In der Kinderosteopathie verwende ich <strong>ausschlie\u00dflich manuelle Techniken<\/strong>, speziell abgestimmt auf die zarten Gewebe Ihres Kindes.<\/p>\n<p><strong>Wirbelblockierungen<\/strong> zum Beispiel l\u00f6se ich bei Kindern mit sanften und pr\u00e4zisen Techniken, die mit der Eigenbeweglichkeit des K\u00f6rpers arbeiten. Eine Impulsmanipulation, das sogenannte &#8222;Einrenken&#8220;, von Wirbeln\u00a0wende ich bei Babies und kleinen Kindern nicht an, ich arbeite\u00a0an diesen Problemen mit sanften Techniken die keinen schnellen Impuls ben\u00f6tigen um das gleiche Resultat zu erzielen.<\/p>\n<h2 style=\"text-align: left;\">Wann sollte ich nach einem Sturz meines Kindes einen Osteopathen aufsuchen?<\/h2>\n<p>Hat Ihr Kind sich nach einem Sturz eine osteopathische Problematik zugezogen die behandlungsbed\u00fcrftig ist?<\/p>\n<p>Die meisten Kinder fallen oft hin. Beulen, Schrammen, blaue Flecken sind keine Seltenheit, vor allem bei Kindergartenkindern. Ich werde oft gefragt wann es gut w\u00e4re damit zu mir zu kommen und wenn man ein Kind nach jedem Sturz osteopathisch behandeln m\u00fcsste w\u00fcrde ich ja aus dem Arbeiten gar nicht mehr herauskommen.<\/p>\n<p>Wenn der Sturz so schwerwiegend war dass ihr Kind \u00e4rztlich erstversorgt werden musste, um zum Beispiel eine Platzwunde zu n\u00e4hen oder eine Gehirnersch\u00fctterung auszuschlie\u00dfen, dann lohnt es sich auf jeden Fall Ihr Kind sp\u00e4ter auch osteopathisch zu untersuchen und gegebenenfalls zu behandeln.<\/p>\n<p>Bei kleineren St\u00fcrzen liegt der Schl\u00fcssel im Verhalten Ihres Kindes nach dem Sturz. Ist es nach dem Sturz einige Zeit, gar einige Tage irgendwie anders in seinem Verhalten als es vorher war? Dann lohnt sich wieder ein osteopathischer checkup. Die Ver\u00e4nderungen im Verhalten k\u00f6nnen sehr subtil sein, aber da Sie ihr Kind kennen werden Sie es merken.<\/p>\n","protected":false},"excerpt":{"rendered":"<p>OSTEOPATHIE F\u00dcR KINDER &nbsp; Kinder sind keine kleinen Erwachsenen. Wer auch immer diesen Satz zuerst gesagt haben mag, muss ein kluger Mensch gewesen sein. Kinder, vor allem S\u00e4uglinge, aber auch Kleinkinder sind eben keine kleinen Erwachsenen. Ihr Kind w\u00e4chst und ver\u00e4ndert sich beinahe jeden Tag ein kleines bisschen: die erste Drehung vom R\u00fccken auf den [&hellip;]<\/p>\n","protected":false},"author":1,"featured_media":0,"parent":17,"menu_order":1,"comment_status":"closed","ping_status":"closed","template":"fullwidth-page.php","meta":[],"_links":{"self":[{"href":"https:\/\/osteopathie-gehrke.de\/index.php?rest_route=\/wp\/v2\/pages\/24"}],"collection":[{"href":"https:\/\/osteopathie-gehrke.de\/index.php?rest_route=\/wp\/v2\/pages"}],"about":[{"href":"https:\/\/osteopathie-gehrke.de\/index.php?rest_route=\/wp\/v2\/types\/page"}],"author":[{"embeddable":true,"href":"https:\/\/osteopathie-gehrke.de\/index.php?rest_route=\/wp\/v2\/users\/1"}],"replies":[{"embeddable":true,"href":"https:\/\/osteopathie-gehrke.de\/index.php?rest_route=%2Fwp%2Fv2%2Fcomments&post=24"}],"version-history":[{"count":33,"href":"https:\/\/osteopathie-gehrke.de\/index.php?rest_route=\/wp\/v2\/pages\/24\/revisions"}],"predecessor-version":[{"id":446,"href":"https:\/\/osteopathie-gehrke.de\/index.php?rest_route=\/wp\/v2\/pages\/24\/revisions\/446"}],"up":[{"embeddable":true,"href":"https:\/\/osteopathie-gehrke.de\/index.php?rest_route=\/wp\/v2\/pages\/17"}],"wp:attachment":[{"href":"https:\/\/osteopathie-gehrke.de\/index.php?rest_route=%2Fwp%2Fv2%2Fmedia&parent=24"}],"curies":[{"name":"wp","href":"https:\/\/api.w.org\/{rel}","templated":true}]}}