{"id":40,"date":"2016-02-04T14:29:33","date_gmt":"2016-02-04T14:29:33","guid":{"rendered":"http:\/\/osteopathie-gehrke.de\/?page_id=40"},"modified":"2021-02-10T14:11:37","modified_gmt":"2021-02-10T14:11:37","slug":"was-ist-osteopathie","status":"publish","type":"page","link":"https:\/\/osteopathie-gehrke.de\/?page_id=40","title":{"rendered":"WAS IST OSTEOPATHIE?"},"content":{"rendered":"<h1 style=\"text-align: left;\">WAS IST OSTEOPATHIE?<\/h1>\n<blockquote><p>&nbsp;<\/p>\n<p>Was ist Osteopathie? Es ist die wissenschaftliche Kenntnis von Anatomie und Physiologie in den H\u00e4nden einer Person mit Intelligenz und F\u00e4higkeiten, dieses Wissen bei Menschen anzuwenden, die erkranken oder verletzt werden durch \u00e4u\u00dfere Gewalteinwirkung, St\u00fcrze, Schocks oder mechanische St\u00f6rungen des K\u00f6rpers jeder Art.<\/p>\n<p>Der Osteopath erkennt die Ursache f\u00fcr den Beginn einer Erkrankung in der kleinsten anatomischen Ver\u00e4nderung. Wir m\u00fcssen erkennen, dass, wenn die Versorgung von einem Organ oder einem Glied des K\u00f6rpers behindert wird, es erkranken wird. Wir leiden aus zwei Gr\u00fcnden: Mangel an richtiger Zufuhr von Ern\u00e4hrungssubstanzen und der Belastung durch tote Ablagerungen.<\/p><\/blockquote>\n<p>(Andrew Taylor Still, Begr\u00fcnder der Osteopathie)<\/p>\n<p>Dieses Zitat wirkt zuerst sicherlich einmal etwas kantig, fasst aber den osteopathischen Ansatz sehr sch\u00f6n zusammen. Es geht bei einer osteopathischen Behandlung nicht prim\u00e4r darum, die schmerzenden Stellen zu behandeln. Vielmehr geht es darum, die Probleme des K\u00f6rpers zu finden und zu l\u00f6sen, damit die <strong>Selbstheilungskr\u00e4fte des K\u00f6rpers<\/strong> wirken k\u00f6nnen.<\/p>\n<p>Um dieses Ziel zu erreichen, sind einige Schritte notwendig:<\/p>\n<p>Am Anfang jeder Behandlung steht eine<strong> gr\u00fcndliche Anamnese<\/strong>. Dabei werde ich Ihnen Fragen zu Ihren Beschwerden stellen, ebenso zu Ihrer Ern\u00e4hrung, Verdauung und weiteren Aspekten. Selbstverst\u00e4ndlich unterliege ich hierbei \u00a0der Schweigepflicht.<\/p>\n<p>Anschlie\u00dfend erfolgt eine <strong>komplette k\u00f6rperliche Untersuchung<\/strong>. Nicht nur die Wirbels\u00e4ule, auch ihre Arme, Beine, Ihr Bauch und ihr Sch\u00e4del werden untersucht. Funktionszusammenh\u00e4nge des K\u00f6rpers k\u00f6nnen so erkannt werden. Hier stellt sich h\u00e4ufig heraus, dass die Ursache der Beschwerden an ganz anderen K\u00f6rperstellen zu finden ist als die eigentlichen Beschwerden. F\u00fcr diesen Schritt nehme ich mir viel Zeit, denn nur so kann ich mit Sicherheit wissen was ich behandeln muss.<\/p>\n<p>Auf die Diagnostik folgt die Behandlung. Hier wende ich ein breites Spektrum an Techniken an, pers\u00f6nlich auf Sie zugeschnitten. <strong>Ich arbeite sehr sanft<\/strong>, da ich hiermit \u00a0die besten Erfolge erzielen kann. Viele Patienten sind erstaunt\u00a0wie eindrucksvoll ihr K\u00f6rper auf fein dosierte osteopathische Techniken reagieren kann. Es geht hierbei\u00a0darum <strong>Ihren K\u00f6rper zur Mitarbeit<\/strong> zu bewegen anstatt Sie nur passiv zu bewegen.<\/p>\n<p>W\u00e4hrend der Behandlung ben\u00f6tige ich gr\u00f6\u00dfte Konzentration und werde daher manchmal\u00a0schweigend arbeiten. Bitte seien Sie dar\u00fcber nicht verwundert. Manchmal werden wir uns nat\u00fcrlich auch unterhalten.<\/p>\n<p>Ziel der Behandlung ist es stets, die <strong>Selbstregulierung bzw. Selbstheilung des K\u00f6rpers<\/strong> anzuregen. Hierbei ist es wichtig zu wissen, dass unseres K\u00f6rpers stets zum Normalen hinstrebt. Sind alle Probleme aus dem Weg ger\u00e4umt, wird auch Ihr K\u00f6rper seinen Weg zur Normalit\u00e4t, zur Gesundheit wiederfinden.<\/p>\n<p>Der\u00a0<strong>Effekt der Behandlung wird zumeist unmittelbar sp\u00fcrbar<\/strong>. Manchmal kann es einige Tage brauchen bis der volle Effekt der Behandlung erkennbar wird.\u00a0Die Behandlung geht weiter, nachdem Sie meine Praxis verlassen haben. Geben Sie Ihrem K\u00f6rper die n\u00f6tige Zeit, um zu reagieren.<\/p>\n<p>Bei Beschwerden, die Sie schon lange mit sich herumtragen, kann es nat\u00fcrlich auch mehrere Termine brauchen, bis eine Verbesserung sp\u00fcrbar wird. Was \u00fcber Jahre gekommen ist, wird nicht in Tagen\u00a0wieder verschwinden oder um Rollin Becker, einen amerikanischen Osteopathen, zu zitieren:<\/p>\n<blockquote><p>Miracles not performed. Cures not guaranteed. Professional skill to the best of our ability the only guarantee.<\/p><\/blockquote>\n<p>Frei \u00fcbersetzt: F\u00fcr Wunder bin ich nicht\u00a0zust\u00e4ndig, aber ich tue alles, was in meiner Macht steht, um eine <strong>nachhaltige Verbesserung Ihrer Gesundheit<\/strong> zu erzielen und zu verhindern, dass Ihrer Beschwerden wiederkehren.<\/p>\n<p>Ich lege gr\u00f6\u00dften Wert auf Ihre <strong>pers\u00f6nliche Betreuung<\/strong>. Sollten Sie nach der Behandlung noch Fragen haben oder sollte Ihnen sonst irgendetwas auf dem Herzen liegen, z\u00f6gern Sie bitte nicht, mich zu kontaktieren.<\/p>\n<p>Die Osteopathie gilt oftmals als ein alternativ- oder komplement\u00e4rmedizinisches Verfahren, also gleichsam als Erg\u00e4nzung zu einer \u201erichtigen Behandlung\u201c. Dem ist ausdr\u00fccklich nicht so! Osteopathie ist ein <strong>komplettes und eigenst\u00e4ndiges Medizinsystem<\/strong>, mit dem alle Erkrankungen des Menschen behandelbar sind. Bei einigen Erkrankungen ist es allerdings dennoch ratsam, weitere Therapiem\u00f6glichkeiten in Anspruch zu nehmen. Ich berate Sie diesbez\u00fcglich selbstverst\u00e4ndlich gerne.<\/p>\n","protected":false},"excerpt":{"rendered":"<p>WAS IST OSTEOPATHIE? &nbsp; Was ist Osteopathie? Es ist die wissenschaftliche Kenntnis von Anatomie und Physiologie in den H\u00e4nden einer Person mit Intelligenz und F\u00e4higkeiten, dieses Wissen bei Menschen anzuwenden, die erkranken oder verletzt werden durch \u00e4u\u00dfere Gewalteinwirkung, St\u00fcrze, Schocks oder mechanische St\u00f6rungen des K\u00f6rpers jeder Art. Der Osteopath erkennt die Ursache f\u00fcr den Beginn [&hellip;]<\/p>\n","protected":false},"author":1,"featured_media":0,"parent":17,"menu_order":0,"comment_status":"closed","ping_status":"closed","template":"fullwidth-page.php","meta":[],"_links":{"self":[{"href":"https:\/\/osteopathie-gehrke.de\/index.php?rest_route=\/wp\/v2\/pages\/40"}],"collection":[{"href":"https:\/\/osteopathie-gehrke.de\/index.php?rest_route=\/wp\/v2\/pages"}],"about":[{"href":"https:\/\/osteopathie-gehrke.de\/index.php?rest_route=\/wp\/v2\/types\/page"}],"author":[{"embeddable":true,"href":"https:\/\/osteopathie-gehrke.de\/index.php?rest_route=\/wp\/v2\/users\/1"}],"replies":[{"embeddable":true,"href":"https:\/\/osteopathie-gehrke.de\/index.php?rest_route=%2Fwp%2Fv2%2Fcomments&post=40"}],"version-history":[{"count":21,"href":"https:\/\/osteopathie-gehrke.de\/index.php?rest_route=\/wp\/v2\/pages\/40\/revisions"}],"predecessor-version":[{"id":445,"href":"https:\/\/osteopathie-gehrke.de\/index.php?rest_route=\/wp\/v2\/pages\/40\/revisions\/445"}],"up":[{"embeddable":true,"href":"https:\/\/osteopathie-gehrke.de\/index.php?rest_route=\/wp\/v2\/pages\/17"}],"wp:attachment":[{"href":"https:\/\/osteopathie-gehrke.de\/index.php?rest_route=%2Fwp%2Fv2%2Fmedia&parent=40"}],"curies":[{"name":"wp","href":"https:\/\/api.w.org\/{rel}","templated":true}]}}