{"id":8,"date":"2016-02-04T12:45:38","date_gmt":"2016-02-04T12:45:38","guid":{"rendered":"http:\/\/osteopathie-gehrke.de\/?page_id=8"},"modified":"2021-02-10T14:14:01","modified_gmt":"2021-02-10T14:14:01","slug":"osteopathie-in-der-schwangerschaft","status":"publish","type":"page","link":"https:\/\/osteopathie-gehrke.de\/?page_id=8","title":{"rendered":"OSTEOPATHIE IN DER SCHWANGERSCHAFT"},"content":{"rendered":"<h1 style=\"text-align: left;\">OSTEOPATHIE IN DER SCHWANGERSCHAFT<\/h1>\n<p>&nbsp;<\/p>\n<p>Zuerst einmal herzlichen Gl\u00fcckwunsch! Es ist immer wieder ein gro\u00dfes Wunder, wenn ein neues Leben entsteht. Nun folgen neun Monate voller Vorfreude auf Ihr neues Familienmitglied.<\/p>\n<p>Ganz reibungslos l\u00e4uft eine Schwangerschaft in der Regel jedoch nicht ab, wie Ihnen Ihre Frauen\u00e4rztin und Ihre Hebamme best\u00e4tigen werden. In diesen haben Sie bereits gut ausgebildete und kompetente Ansprechpartnerinnen f\u00fcr alle gr\u00f6\u00dferen und kleineren Probleme.<\/p>\n<h2 style=\"text-align: left;\">Was sind typische Beschwerden in der Schwangerschaft?<\/h2>\n<p>Vor allem in der fr\u00fchen Schwangerschaft nat\u00fcrlich <strong>\u00dcbelkeit<\/strong>, etwas sp\u00e4ter dann vielleicht eine Neigung zu <strong>Wassereinlagerungen<\/strong>. Verdauungsprobleme wie <strong>Durchfall oder Verstopfungen<\/strong> k\u00f6nnen vorkommen, denn der Darm liegt nun nicht mehr so im Bauch wie vorher. Je mehr der Bauch w\u00e4chst, desto schneller meldet sich auch einmal der <strong>untere R\u00fccken<\/strong>, denn der wachsende Bauch zieht ihn ins Hohlkreuz. Wenn Sie dann vielleicht noch ein gro\u00dfes Geschwisterchen auf dem Arm tragen, wird es auch nicht wirklich leichter.<\/p>\n<p>H\u00e4ufig ist es auch der <strong>obere R\u00fccken<\/strong>, der schmerzt, denn auch hier muss sich die Mechanik der Wirbels\u00e4ule an die ver\u00e4nderte Statik des K\u00f6rpers anpassen. Nicht selten wird auch noch die <strong>Luft knapp<\/strong>, denn das Zwerchfell hat w\u00e4hrend der Schwangerschaft nicht mehr allzu viel Platz, um sich auszudehnen. Gegen Ende der Schwangerschaft ben\u00f6tigt Ihr Becken gro\u00dfen Bewegungsspielraum, denn die Geburt Ihres Kindes steht ja kurz bevor. Ein <strong>frei bewegliches Becken<\/strong> ist dabei ein gro\u00dfer Vorteil.<\/p>\n<h2 style=\"text-align: left;\">Wie Ihnen Osteopathie w\u00e4hrend der Schwangerschaft helfen kann<\/h2>\n<p>Problemchen und Probleme w\u00e4hrend einer Schwangerschaft lassen sich sehr gut osteopathisch behandeln. Die Erfahrung zeigt sogar, dass in dieser Zeit der (k\u00f6rperlichen) Ver\u00e4nderung ein therapeutischer Reiz oft noch besser als sonst seine Wirkung entfaltet. Mit einer osteopathischen Behandlung lassen sich die Wirbels\u00e4ule, das Becken und auch die inneren Organe, zum Beispiel der Darm,<strong> sanft wieder zu einer normalen Funktion<\/strong> zur\u00fcckf\u00fchren.<\/p>\n<p>Ein weiterer Vorteil der Osteopathie in dieser Phase Ihres Lebens ist es, dass ich <strong>vollkommen ohne Medikamente<\/strong> arbeite. Ausschlie\u00dflich sanfte manuelle, also mit den H\u00e4nden ausgef\u00fchrte, Techniken kommen bei mir zum Einsatz. Sie m\u00fcssen hierbei \u00fcbrigens nicht zwingend auf dem R\u00fccken liegen, denn auch dies wird mit zunehmender Bauchgr\u00f6\u00dfe schwieriger. Eine Behandlung funktioniert <strong>im Sitzen oder in der Seitenlage genauso gut<\/strong>.<\/p>\n<p>In Studien hat sich eine <strong>osteopathische Geburtsvorbereitung<\/strong> als wirkungsvoll erwiesen. Ihr K\u00f6rper wird so mit einigen Behandlungen optimal auf die Anstrengungen der Geburt vorbereitet. Das Becken wird beweglicher und der Geburtsverlauf kann erleichtert werden.<\/p>\n<p><strong>Auch nach der Geburt<\/strong> kann eine osteopathische Behandlung nicht nur f\u00fcr Ihr Kind, sondern auch f\u00fcr Sie als Mutter hilfreich sein und Sie wirkungsvoll unterst\u00fctzen.<\/p>\n","protected":false},"excerpt":{"rendered":"<p>OSTEOPATHIE IN DER SCHWANGERSCHAFT &nbsp; Zuerst einmal herzlichen Gl\u00fcckwunsch! Es ist immer wieder ein gro\u00dfes Wunder, wenn ein neues Leben entsteht. Nun folgen neun Monate voller Vorfreude auf Ihr neues Familienmitglied. Ganz reibungslos l\u00e4uft eine Schwangerschaft in der Regel jedoch nicht ab, wie Ihnen Ihre Frauen\u00e4rztin und Ihre Hebamme best\u00e4tigen werden. In diesen haben Sie [&hellip;]<\/p>\n","protected":false},"author":1,"featured_media":0,"parent":17,"menu_order":2,"comment_status":"closed","ping_status":"closed","template":"fullwidth-page.php","meta":[],"_links":{"self":[{"href":"https:\/\/osteopathie-gehrke.de\/index.php?rest_route=\/wp\/v2\/pages\/8"}],"collection":[{"href":"https:\/\/osteopathie-gehrke.de\/index.php?rest_route=\/wp\/v2\/pages"}],"about":[{"href":"https:\/\/osteopathie-gehrke.de\/index.php?rest_route=\/wp\/v2\/types\/page"}],"author":[{"embeddable":true,"href":"https:\/\/osteopathie-gehrke.de\/index.php?rest_route=\/wp\/v2\/users\/1"}],"replies":[{"embeddable":true,"href":"https:\/\/osteopathie-gehrke.de\/index.php?rest_route=%2Fwp%2Fv2%2Fcomments&post=8"}],"version-history":[{"count":13,"href":"https:\/\/osteopathie-gehrke.de\/index.php?rest_route=\/wp\/v2\/pages\/8\/revisions"}],"predecessor-version":[{"id":447,"href":"https:\/\/osteopathie-gehrke.de\/index.php?rest_route=\/wp\/v2\/pages\/8\/revisions\/447"}],"up":[{"embeddable":true,"href":"https:\/\/osteopathie-gehrke.de\/index.php?rest_route=\/wp\/v2\/pages\/17"}],"wp:attachment":[{"href":"https:\/\/osteopathie-gehrke.de\/index.php?rest_route=%2Fwp%2Fv2%2Fmedia&parent=8"}],"curies":[{"name":"wp","href":"https:\/\/api.w.org\/{rel}","templated":true}]}}